{"id":17,"date":"2016-01-09T17:15:11","date_gmt":"2016-01-09T16:15:11","guid":{"rendered":"http:\/\/www.znaim.info\/blog\/?page_id=17"},"modified":"2016-01-11T17:14:53","modified_gmt":"2016-01-11T16:14:53","slug":"quellen-online","status":"publish","type":"page","link":"http:\/\/www.znaim.info\/blog\/index.php\/quellen-online\/","title":{"rendered":"Quellen online"},"content":{"rendered":"<p>Moravsk\u00fd zemsk\u00fd archiv v Brn\u011b [M\u00e4hrisches Landesarchiv Br\u00fcnn]:<\/p>\n<p><a href=\"http:\/\/actapublica.eu\/\" target=\"_blank\">Matriken des M\u00e4hrischen Landesarchivs Br\u00fcnn<\/a><br \/>\n(<a href=\"http:\/\/www.mza.cz\/a8web\/a8apps1\/m1map1\/m1-s1-all2.htm\" target=\"_blank\">Ortssuche im Map Viewer<\/a>)<\/p>\n<p><a href=\"http:\/\/www.mza.cz\/a8web\/\" target=\"_blank\">Diverse Best\u00e4nde (z.B. Lahnregister, Urbare)<\/a><\/p>\n<p><a href=\"http:\/\/www.mza.cz\/indikacniskici\/\" target=\"_blank\">Indikationsskizzen<\/a><\/p>\n<p><a href=\"http:\/\/monasterium.net\/mom\/CZ-MZA\/archive\" target=\"_blank\">Urkunden<\/a><\/p>\n","protected":false},"excerpt":{"rendered":"<p>Moravsk\u00fd zemsk\u00fd archiv v Brn\u011b [M\u00e4hrisches Landesarchiv Br\u00fcnn]: Matriken des M\u00e4hrischen Landesarchivs Br\u00fcnn (Ortssuche im Map Viewer) Diverse Best\u00e4nde (z.B. Lahnregister, Urbare) Indikationsskizzen Urkunden<\/p>\n","protected":false},"author":1,"featured_media":0,"parent":0,"menu_order":0,"comment_status":"closed","ping_status":"closed","template":"","meta":{"footnotes":""},"class_list":["post-17","page","type-page","status-publish","hentry"],"_links":{"self":[{"href":"http:\/\/www.znaim.info\/blog\/index.php\/wp-json\/wp\/v2\/pages\/17","targetHints":{"allow":["GET"]}}],"collection":[{"href":"http:\/\/www.znaim.info\/blog\/index.php\/wp-json\/wp\/v2\/pages"}],"about":[{"href":"http:\/\/www.znaim.info\/blog\/index.php\/wp-json\/wp\/v2\/types\/page"}],"author":[{"embeddable":true,"href":"http:\/\/www.znaim.info\/blog\/index.php\/wp-json\/wp\/v2\/users\/1"}],"replies":[{"embeddable":true,"href":"http:\/\/www.znaim.info\/blog\/index.php\/wp-json\/wp\/v2\/comments?post=17"}],"version-history":[{"count":7,"href":"http:\/\/www.znaim.info\/blog\/index.php\/wp-json\/wp\/v2\/pages\/17\/revisions"}],"predecessor-version":[{"id":83,"href":"http:\/\/www.znaim.info\/blog\/index.php\/wp-json\/wp\/v2\/pages\/17\/revisions\/83"}],"wp:attachment":[{"href":"http:\/\/www.znaim.info\/blog\/index.php\/wp-json\/wp\/v2\/media?parent=17"}],"curies":[{"name":"wp","href":"https:\/\/api.w.org\/{rel}","templated":true}]}}